{"id":2873,"date":"2025-05-18T18:32:59","date_gmt":"2025-05-18T16:32:59","guid":{"rendered":"https:\/\/ahimsasyria.org\/%d8%b3%d9%84%d8%a7%d9%85%d9%86%d8%a7-%d8%a7%d9%84%d8%a3%d8%ae%d8%b6%d8%b1\/"},"modified":"2025-07-19T19:22:39","modified_gmt":"2025-07-19T17:22:39","slug":"astiya-me-ya-kesk","status":"publish","type":"page","link":"https:\/\/ahimsasyria.org\/kmr\/astiya-me-ya-kesk\/","title":{"rendered":"A\u015ftiya me ya kesk"},"content":{"rendered":"\t\t<div data-elementor-type=\"wp-page\" data-elementor-id=\"2873\" class=\"elementor elementor-2873 elementor-2565\" data-elementor-post-type=\"page\">\n\t\t\t\t\t\t<section class=\"elementor-section elementor-top-section elementor-element elementor-element-7b95dc6 elementor-section-boxed elementor-section-height-default elementor-section-height-default\" data-id=\"7b95dc6\" data-element_type=\"section\">\n\t\t\t\t\t\t<div class=\"elementor-container elementor-column-gap-default\">\n\t\t\t\t\t<div class=\"elementor-column elementor-col-33 elementor-top-column elementor-element elementor-element-4944ce3\" data-id=\"4944ce3\" data-element_type=\"column\">\n\t\t\t<div class=\"elementor-widget-wrap elementor-element-populated\">\n\t\t\t\t\t\t<div class=\"elementor-element elementor-element-40386d6 elementor-widget elementor-widget-cz_title\" data-id=\"40386d6\" data-element_type=\"widget\" data-widget_type=\"cz_title.default\">\n\t\t\t\t<div class=\"elementor-widget-container\">\n\t\t\t\t\t\t\r\n\t\t<div>\r\n\t\t\t<div class=\"cz_title clr cz_title_pos_inline\"><div class=\"cz_title_content\"><div class=\"cz_wpe_content\">J\u00eengeha b\u00eatund\u00ee ji b\u00eereweriya civak\u00ee, parastina xwezay\u00ea \u00fb r\u00eazgirtina li jiyan\u00ea dest p\u00ea dibe<\/div><\/div><\/div>\r\n\t\t<\/div>\r\n\t\t\r\n\t\t\t\t\t\t<\/div>\n\t\t\t\t<\/div>\n\t\t\t\t\t<\/div>\n\t\t<\/div>\n\t\t\t\t<div class=\"elementor-column elementor-col-66 elementor-top-column elementor-element elementor-element-2424c6e\" data-id=\"2424c6e\" data-element_type=\"column\">\n\t\t\t<div class=\"elementor-widget-wrap elementor-element-populated\">\n\t\t\t\t\t\t\t<\/div>\n\t\t<\/div>\n\t\t\t\t\t<\/div>\n\t\t<\/section>\n\t\t\t\t<\/div>\n\t\t","protected":false},"excerpt":{"rendered":"<p>J\u00eengeha b\u00eatund\u00ee ji b\u00eereweriya civak\u00ee, parastina xwezay\u00ea \u00fb r\u00eazgirtina li jiyan\u00ea &#8230; <\/p>\n","protected":false},"author":1,"featured_media":0,"parent":0,"menu_order":0,"comment_status":"closed","ping_status":"closed","template":"","meta":{"footnotes":""},"class_list":["post-2873","page","type-page","status-publish","hentry"],"_links":{"self":[{"href":"https:\/\/ahimsasyria.org\/kmr\/wp-json\/wp\/v2\/pages\/2873","targetHints":{"allow":["GET"]}}],"collection":[{"href":"https:\/\/ahimsasyria.org\/kmr\/wp-json\/wp\/v2\/pages"}],"about":[{"href":"https:\/\/ahimsasyria.org\/kmr\/wp-json\/wp\/v2\/types\/page"}],"author":[{"embeddable":true,"href":"https:\/\/ahimsasyria.org\/kmr\/wp-json\/wp\/v2\/users\/1"}],"replies":[{"embeddable":true,"href":"https:\/\/ahimsasyria.org\/kmr\/wp-json\/wp\/v2\/comments?post=2873"}],"version-history":[{"count":0,"href":"https:\/\/ahimsasyria.org\/kmr\/wp-json\/wp\/v2\/pages\/2873\/revisions"}],"wp:attachment":[{"href":"https:\/\/ahimsasyria.org\/kmr\/wp-json\/wp\/v2\/media?parent=2873"}],"curies":[{"name":"wp","href":"https:\/\/api.w.org\/{rel}","templated":true}]}}