{"id":2866,"date":"2025-05-18T18:31:18","date_gmt":"2025-05-18T16:31:18","guid":{"rendered":"https:\/\/ahimsasyria.org\/%d8%a3%d8%ab%d8%b1-%d8%a7%d9%84%d8%b5%d9%88%d8%aa-%d8%a7%d9%84%d8%ac%d9%85%d8%a7%d8%b9%d9%8a\/"},"modified":"2025-07-19T19:19:16","modified_gmt":"2025-07-19T17:19:16","slug":"bandora-denge-komi","status":"publish","type":"page","link":"https:\/\/ahimsasyria.org\/kmr\/bandora-denge-komi\/","title":{"rendered":"Bandora deng\u00ea kom\u00ee"},"content":{"rendered":"\t\t<div data-elementor-type=\"wp-page\" data-elementor-id=\"2866\" class=\"elementor elementor-2866 elementor-2558\" data-elementor-post-type=\"page\">\n\t\t\t\t\t\t<section class=\"elementor-section elementor-top-section elementor-element elementor-element-7b95dc6 elementor-section-boxed elementor-section-height-default elementor-section-height-default\" data-id=\"7b95dc6\" data-element_type=\"section\">\n\t\t\t\t\t\t<div class=\"elementor-container elementor-column-gap-default\">\n\t\t\t\t\t<div class=\"elementor-column elementor-col-33 elementor-top-column elementor-element elementor-element-4944ce3\" data-id=\"4944ce3\" data-element_type=\"column\">\n\t\t\t<div class=\"elementor-widget-wrap elementor-element-populated\">\n\t\t\t\t\t\t<div class=\"elementor-element elementor-element-40386d6 elementor-widget elementor-widget-cz_title\" data-id=\"40386d6\" data-element_type=\"widget\" data-widget_type=\"cz_title.default\">\n\t\t\t\t<div class=\"elementor-widget-container\">\n\t\t\t\t\t\t\r\n\t\t<div>\r\n\t\t\t<div class=\"cz_title clr cz_title_pos_inline\"><div class=\"cz_title_content\"><div class=\"cz_wpe_content\">Pi\u015ftgiriya ku xwe disp\u00eare b\u00eereweriy\u00ea \u00fb gotin\u00ean w\u00earek \u00fb xebata a\u015ftiyane bi hev\u00fbdin ve gir\u00ea dide<\/div><\/div><\/div>\r\n\t\t<\/div>\r\n\t\t\r\n\t\t\t\t\t\t<\/div>\n\t\t\t\t<\/div>\n\t\t\t\t\t<\/div>\n\t\t<\/div>\n\t\t\t\t<div class=\"elementor-column elementor-col-66 elementor-top-column elementor-element elementor-element-2424c6e\" data-id=\"2424c6e\" data-element_type=\"column\">\n\t\t\t<div class=\"elementor-widget-wrap elementor-element-populated\">\n\t\t\t\t\t\t<div class=\"elementor-element elementor-element-0e4e440 elementor-grid-2 elementor-grid-tablet-2 elementor-grid-mobile-1 elementor-posts--thumbnail-top elementor-card-shadow-yes elementor-posts__hover-gradient elementor-widget elementor-widget-posts\" data-id=\"0e4e440\" data-element_type=\"widget\" data-settings=\"{&quot;cards_columns&quot;:&quot;2&quot;,&quot;pagination_type&quot;:&quot;numbers_and_prev_next&quot;,&quot;cards_columns_tablet&quot;:&quot;2&quot;,&quot;cards_columns_mobile&quot;:&quot;1&quot;,&quot;cards_row_gap&quot;:{&quot;unit&quot;:&quot;px&quot;,&quot;size&quot;:35,&quot;sizes&quot;:[]},&quot;cards_row_gap_tablet&quot;:{&quot;unit&quot;:&quot;px&quot;,&quot;size&quot;:&quot;&quot;,&quot;sizes&quot;:[]},&quot;cards_row_gap_mobile&quot;:{&quot;unit&quot;:&quot;px&quot;,&quot;size&quot;:&quot;&quot;,&quot;sizes&quot;:[]}}\" data-widget_type=\"posts.cards\">\n\t\t\t\t<div class=\"elementor-widget-container\">\n\t\t\t\t\t\t\t<div class=\"elementor-posts-container elementor-posts elementor-posts--skin-cards elementor-grid\" role=\"list\">\n\t\t\t\t<article class=\"elementor-post elementor-grid-item post-4890 post type-post status-publish format-standard has-post-thumbnail hentry category-bandora-denge-komi category-kar-u-xebat tag-avakirina-astiye tag-avakirina-kapasiteye tag-gaven-ber-bi-asti tag-hezkirina-ciwanan tag-komkirin-u-hevsandin tag-qaws-quzah\" role=\"listitem\">\n\t\t\t<div class=\"elementor-post__card\">\n\t\t\t\t<a class=\"elementor-post__thumbnail__link\" href=\"https:\/\/ahimsasyria.org\/kmr\/worksopa-perwerdehiye-ya-duyem-li-ser-komkirin-u-hevsandin-advocacy-kampanya-gaven-ber-bi-asti\/\" tabindex=\"-1\" ><div class=\"elementor-post__thumbnail\"><img loading=\"lazy\" decoding=\"async\" width=\"300\" height=\"200\" src=\"https:\/\/ahimsasyria.org\/wp-content\/uploads\/2025\/10\/5-4-300x200.jpg\" class=\"attachment-medium size-medium wp-image-3490\" alt=\"5 4 300x200\" srcset=\"https:\/\/ahimsasyria.org\/wp-content\/uploads\/2025\/10\/5-4-300x200.jpg 300w, https:\/\/ahimsasyria.org\/wp-content\/uploads\/2025\/10\/5-4-768x512.jpg 768w, https:\/\/ahimsasyria.org\/wp-content\/uploads\/2025\/10\/5-4-600x400.jpg 600w, https:\/\/ahimsasyria.org\/wp-content\/uploads\/2025\/10\/5-4.jpg 900w\" sizes=\"auto, (max-width: 300px) 100vw, 300px\" loading=\"lazy\" \/><\/div><\/a>\n\t\t\t\t<div class=\"elementor-post__text\">\n\t\t\t\t<h3 class=\"elementor-post__title\">\n\t\t\t<a href=\"https:\/\/ahimsasyria.org\/kmr\/worksopa-perwerdehiye-ya-duyem-li-ser-komkirin-u-hevsandin-advocacy-kampanya-gaven-ber-bi-asti\/\" >\n\t\t\t\tWork\u015fopa perwerdehiy\u00ea ya duyem li ser &#8221; Komkirin \u00fb Hev\u015fandin (Advocacy)&#8221; \u2013 Kampanya &#8220;Gav\u00ean ber bi A\u015ft\u00ee&#8221;.\t\t\t<\/a>\n\t\t<\/h3>\n\t\t\n\t\t<a class=\"elementor-post__read-more\" href=\"https:\/\/ahimsasyria.org\/kmr\/worksopa-perwerdehiye-ya-duyem-li-ser-komkirin-u-hevsandin-advocacy-kampanya-gaven-ber-bi-asti\/\" aria-label=\"Read more about Work\u015fopa perwerdehiy\u00ea ya duyem li ser &#8221; Komkirin \u00fb Hev\u015fandin (Advocacy)&#8221; \u2013 Kampanya &#8220;Gav\u00ean ber bi A\u015ft\u00ee&#8221;.\" tabindex=\"-1\" >\n\t\t\tB\u00eahtir bixw\u00eene \u00bb\t\t<\/a>\n\n\t\t\t\t<\/div>\n\t\t\t\t<div class=\"elementor-post__meta-data\">\n\t\t\t\t\t<span class=\"elementor-post-date\">\n\t\t\tOctober 6, 2025\t\t<\/span>\n\t\t\t\t<\/div>\n\t\t\t\t\t<\/div>\n\t\t<\/article>\n\t\t\t\t<article class=\"elementor-post elementor-grid-item post-4885 post type-post status-publish format-standard has-post-thumbnail hentry category-bandora-denge-komi category-kar-u-xebat tag-avakirina-astiye tag-avakirina-kapasiteye tag-gaven-ber-bi-asti tag-hezkirina-ciwanan tag-komkirin-u-hevsandin tag-qaws-quzah\" role=\"listitem\">\n\t\t\t<div class=\"elementor-post__card\">\n\t\t\t\t<a class=\"elementor-post__thumbnail__link\" href=\"https:\/\/ahimsasyria.org\/kmr\/worksopa-perwerdehiye-li-ser-komkirin-u-hevsandin-advocacy-kampanya-gaven-ber-bi-asti\/\" tabindex=\"-1\" ><div class=\"elementor-post__thumbnail\"><img loading=\"lazy\" decoding=\"async\" width=\"300\" height=\"200\" src=\"https:\/\/ahimsasyria.org\/wp-content\/uploads\/2025\/10\/5-3-300x200.jpg\" class=\"attachment-medium size-medium wp-image-3473\" alt=\"5 3 300x200\" srcset=\"https:\/\/ahimsasyria.org\/wp-content\/uploads\/2025\/10\/5-3-300x200.jpg 300w, https:\/\/ahimsasyria.org\/wp-content\/uploads\/2025\/10\/5-3-768x512.jpg 768w, https:\/\/ahimsasyria.org\/wp-content\/uploads\/2025\/10\/5-3-600x400.jpg 600w, https:\/\/ahimsasyria.org\/wp-content\/uploads\/2025\/10\/5-3.jpg 900w\" sizes=\"auto, (max-width: 300px) 100vw, 300px\" loading=\"lazy\" \/><\/div><\/a>\n\t\t\t\t<div class=\"elementor-post__text\">\n\t\t\t\t<h3 class=\"elementor-post__title\">\n\t\t\t<a href=\"https:\/\/ahimsasyria.org\/kmr\/worksopa-perwerdehiye-li-ser-komkirin-u-hevsandin-advocacy-kampanya-gaven-ber-bi-asti\/\" >\n\t\t\t\tWork\u015fopa perwerdehiy\u00ea li ser &#8220;Komkirin \u00fb Hev\u015fandin (Advocacy)&#8221; \u2013 Kampanya &#8220;Gav\u00ean ber bi A\u015ft\u00ee&#8221;\t\t\t<\/a>\n\t\t<\/h3>\n\t\t\n\t\t<a class=\"elementor-post__read-more\" href=\"https:\/\/ahimsasyria.org\/kmr\/worksopa-perwerdehiye-li-ser-komkirin-u-hevsandin-advocacy-kampanya-gaven-ber-bi-asti\/\" aria-label=\"Read more about Work\u015fopa perwerdehiy\u00ea li ser &#8220;Komkirin \u00fb Hev\u015fandin (Advocacy)&#8221; \u2013 Kampanya &#8220;Gav\u00ean ber bi A\u015ft\u00ee&#8221;\" tabindex=\"-1\" >\n\t\t\tB\u00eahtir bixw\u00eene \u00bb\t\t<\/a>\n\n\t\t\t\t<\/div>\n\t\t\t\t<div class=\"elementor-post__meta-data\">\n\t\t\t\t\t<span class=\"elementor-post-date\">\n\t\t\tOctober 6, 2025\t\t<\/span>\n\t\t\t\t<\/div>\n\t\t\t\t\t<\/div>\n\t\t<\/article>\n\t\t\t\t<article class=\"elementor-post elementor-grid-item post-4881 post type-post status-publish format-standard has-post-thumbnail hentry category-bandora-denge-komi category-kar-u-xebat tag-biryara-2250 tag-ciwan tag-ewlekariye-ya-neteweyen-yekbuyi tag-gaven-ber-bi-asti tag-heseke tag-qaws-quzah\" role=\"listitem\">\n\t\t\t<div class=\"elementor-post__card\">\n\t\t\t\t<a class=\"elementor-post__thumbnail__link\" href=\"https:\/\/ahimsasyria.org\/kmr\/worksopa-perwerdehiye-ya-duyem-li-ser-biryara-2250-kampanya-gaven-ber-bi-asti\/\" tabindex=\"-1\" ><div class=\"elementor-post__thumbnail\"><img loading=\"lazy\" decoding=\"async\" width=\"300\" height=\"168\" src=\"https:\/\/ahimsasyria.org\/wp-content\/uploads\/2025\/10\/3-2-300x168.jpg\" class=\"attachment-medium size-medium wp-image-3444\" alt=\"3 2 300x168\" srcset=\"https:\/\/ahimsasyria.org\/wp-content\/uploads\/2025\/10\/3-2-300x168.jpg 300w, https:\/\/ahimsasyria.org\/wp-content\/uploads\/2025\/10\/3-2-768x429.jpg 768w, https:\/\/ahimsasyria.org\/wp-content\/uploads\/2025\/10\/3-2.jpg 900w, https:\/\/ahimsasyria.org\/wp-content\/uploads\/2025\/10\/3-2-600x335.jpg 600w\" sizes=\"auto, (max-width: 300px) 100vw, 300px\" loading=\"lazy\" \/><\/div><\/a>\n\t\t\t\t<div class=\"elementor-post__text\">\n\t\t\t\t<h3 class=\"elementor-post__title\">\n\t\t\t<a href=\"https:\/\/ahimsasyria.org\/kmr\/worksopa-perwerdehiye-ya-duyem-li-ser-biryara-2250-kampanya-gaven-ber-bi-asti\/\" >\n\t\t\t\tWork\u015fopa perwerdehiy\u00ea ya duyem li ser biryara 2250 \u2013 Kampanya &#8220;Gav\u00ean ber bi A\u015ft\u00ee&#8221;.\t\t\t<\/a>\n\t\t<\/h3>\n\t\t\n\t\t<a class=\"elementor-post__read-more\" href=\"https:\/\/ahimsasyria.org\/kmr\/worksopa-perwerdehiye-ya-duyem-li-ser-biryara-2250-kampanya-gaven-ber-bi-asti\/\" aria-label=\"Read more about Work\u015fopa perwerdehiy\u00ea ya duyem li ser biryara 2250 \u2013 Kampanya &#8220;Gav\u00ean ber bi A\u015ft\u00ee&#8221;.\" tabindex=\"-1\" >\n\t\t\tB\u00eahtir bixw\u00eene \u00bb\t\t<\/a>\n\n\t\t\t\t<\/div>\n\t\t\t\t<div class=\"elementor-post__meta-data\">\n\t\t\t\t\t<span class=\"elementor-post-date\">\n\t\t\tOctober 6, 2025\t\t<\/span>\n\t\t\t\t<\/div>\n\t\t\t\t\t<\/div>\n\t\t<\/article>\n\t\t\t\t<article class=\"elementor-post elementor-grid-item post-4876 post type-post status-publish format-standard has-post-thumbnail hentry category-bandora-denge-komi category-kar-u-xebat tag-biryara-2250 tag-ciwan tag-ewlekariye-ya-neteweyen-yekbuyi tag-gaven-ber-bi-asti tag-heseke tag-qaws-quzah\" role=\"listitem\">\n\t\t\t<div class=\"elementor-post__card\">\n\t\t\t\t<a class=\"elementor-post__thumbnail__link\" href=\"https:\/\/ahimsasyria.org\/kmr\/worksopa-perwerdehiye-li-ser-biryara-2250-kampanya-gaven-ber-bi-asti\/\" tabindex=\"-1\" ><div class=\"elementor-post__thumbnail\"><img loading=\"lazy\" decoding=\"async\" width=\"300\" height=\"200\" src=\"https:\/\/ahimsasyria.org\/wp-content\/uploads\/2025\/10\/4-1-300x200.jpg\" class=\"attachment-medium size-medium wp-image-3425\" alt=\"4 1 300x200\" srcset=\"https:\/\/ahimsasyria.org\/wp-content\/uploads\/2025\/10\/4-1-300x200.jpg 300w, https:\/\/ahimsasyria.org\/wp-content\/uploads\/2025\/10\/4-1-768x512.jpg 768w, https:\/\/ahimsasyria.org\/wp-content\/uploads\/2025\/10\/4-1-600x400.jpg 600w, https:\/\/ahimsasyria.org\/wp-content\/uploads\/2025\/10\/4-1.jpg 900w\" sizes=\"auto, (max-width: 300px) 100vw, 300px\" loading=\"lazy\" \/><\/div><\/a>\n\t\t\t\t<div class=\"elementor-post__text\">\n\t\t\t\t<h3 class=\"elementor-post__title\">\n\t\t\t<a href=\"https:\/\/ahimsasyria.org\/kmr\/worksopa-perwerdehiye-li-ser-biryara-2250-kampanya-gaven-ber-bi-asti\/\" >\n\t\t\t\tWork\u015fopa perwerdehiy\u00ea li ser biryara 2250 \u2013 Kampanya &#8220;Gav\u00ean ber bi A\u015ft\u00ee&#8221;\t\t\t<\/a>\n\t\t<\/h3>\n\t\t\n\t\t<a class=\"elementor-post__read-more\" href=\"https:\/\/ahimsasyria.org\/kmr\/worksopa-perwerdehiye-li-ser-biryara-2250-kampanya-gaven-ber-bi-asti\/\" aria-label=\"Read more about Work\u015fopa perwerdehiy\u00ea li ser biryara 2250 \u2013 Kampanya &#8220;Gav\u00ean ber bi A\u015ft\u00ee&#8221;\" tabindex=\"-1\" >\n\t\t\tB\u00eahtir bixw\u00eene \u00bb\t\t<\/a>\n\n\t\t\t\t<\/div>\n\t\t\t\t<div class=\"elementor-post__meta-data\">\n\t\t\t\t\t<span class=\"elementor-post-date\">\n\t\t\tOctober 6, 2025\t\t<\/span>\n\t\t\t\t<\/div>\n\t\t\t\t\t<\/div>\n\t\t<\/article>\n\t\t\t\t<\/div>\n\t\t\n\t\t\t\t\t\t<\/div>\n\t\t\t\t<\/div>\n\t\t\t\t\t<\/div>\n\t\t<\/div>\n\t\t\t\t\t<\/div>\n\t\t<\/section>\n\t\t\t\t<\/div>\n\t\t","protected":false},"excerpt":{"rendered":"<p>Pi\u015ftgiriya ku xwe disp\u00eare b\u00eereweriy\u00ea \u00fb gotin\u00ean w\u00earek \u00fb xebata a\u015ftiyane bi hev\u00fbdin ve gir\u00ea dide &#8230; <a class=\"cz_readmore\" href=\"https:\/\/ahimsasyria.org\/kmr\/worksopa-perwerdehiye-li-ser-biryara-2250-kampanya-gaven-ber-bi-asti\/\"><i class=\"fa czico-201-back\" aria-hidden=\"true\"><\/i><span>\u0627\u0642\u0631\u0623 \u0627\u0644\u0645\u0632\u064a\u062f<\/span><\/a><\/p>\n","protected":false},"author":1,"featured_media":0,"parent":0,"menu_order":0,"comment_status":"closed","ping_status":"closed","template":"","meta":{"footnotes":""},"class_list":["post-2866","page","type-page","status-publish","hentry"],"_links":{"self":[{"href":"https:\/\/ahimsasyria.org\/kmr\/wp-json\/wp\/v2\/pages\/2866","targetHints":{"allow":["GET"]}}],"collection":[{"href":"https:\/\/ahimsasyria.org\/kmr\/wp-json\/wp\/v2\/pages"}],"about":[{"href":"https:\/\/ahimsasyria.org\/kmr\/wp-json\/wp\/v2\/types\/page"}],"author":[{"embeddable":true,"href":"https:\/\/ahimsasyria.org\/kmr\/wp-json\/wp\/v2\/users\/1"}],"replies":[{"embeddable":true,"href":"https:\/\/ahimsasyria.org\/kmr\/wp-json\/wp\/v2\/comments?post=2866"}],"version-history":[{"count":0,"href":"https:\/\/ahimsasyria.org\/kmr\/wp-json\/wp\/v2\/pages\/2866\/revisions"}],"wp:attachment":[{"href":"https:\/\/ahimsasyria.org\/kmr\/wp-json\/wp\/v2\/media?parent=2866"}],"curies":[{"name":"wp","href":"https:\/\/api.w.org\/{rel}","templated":true}]}}