{"id":2860,"date":"2025-05-18T18:28:58","date_gmt":"2025-05-18T16:28:58","guid":{"rendered":"https:\/\/ahimsasyria.org\/%d9%82%d8%b1%d8%a7%d8%a1%d8%a7%d8%aa-%d9%86%d9%82%d8%af%d9%8a%d8%a9\/"},"modified":"2025-07-19T19:15:19","modified_gmt":"2025-07-19T17:15:19","slug":"xwendinen-rexnegiriye","status":"publish","type":"page","link":"https:\/\/ahimsasyria.org\/kmr\/xwendinen-rexnegiriye\/","title":{"rendered":"Xwendin\u00ean rexnegiriy\u00ea"},"content":{"rendered":"\t\t<div data-elementor-type=\"wp-page\" data-elementor-id=\"2860\" class=\"elementor elementor-2860 elementor-2551\" data-elementor-post-type=\"page\">\n\t\t\t\t\t\t<section class=\"elementor-section elementor-top-section elementor-element elementor-element-7b95dc6 elementor-section-boxed elementor-section-height-default elementor-section-height-default\" data-id=\"7b95dc6\" data-element_type=\"section\">\n\t\t\t\t\t\t<div class=\"elementor-container elementor-column-gap-default\">\n\t\t\t\t\t<div class=\"elementor-column elementor-col-33 elementor-top-column elementor-element elementor-element-4944ce3\" data-id=\"4944ce3\" data-element_type=\"column\">\n\t\t\t<div class=\"elementor-widget-wrap elementor-element-populated\">\n\t\t\t\t\t\t<div class=\"elementor-element elementor-element-40386d6 elementor-widget elementor-widget-cz_title\" data-id=\"40386d6\" data-element_type=\"widget\" data-widget_type=\"cz_title.default\">\n\t\t\t\t<div class=\"elementor-widget-container\">\n\t\t\t\t\t\t\r\n\t\t<div>\r\n\t\t\t<div class=\"cz_title clr cz_title_pos_inline\"><div class=\"cz_title_content\"><div class=\"cz_wpe_content\">Niv\u00eesar \u00fb n\u00ear\u00een\u00ean rexney\u00ee y\u00ean ku \u015fewq\u00ea diav\u00eajin ser mil\u00ean nepen\u00ee y\u00ean di doz\u00ean netund\u00ee \u00fb dadmendiy\u00ea de <\/div><\/div><\/div>\r\n\t\t<\/div>\r\n\t\t\r\n\t\t\t\t\t\t<\/div>\n\t\t\t\t<\/div>\n\t\t\t\t\t<\/div>\n\t\t<\/div>\n\t\t\t\t<div class=\"elementor-column elementor-col-66 elementor-top-column elementor-element elementor-element-2424c6e\" data-id=\"2424c6e\" data-element_type=\"column\">\n\t\t\t<div class=\"elementor-widget-wrap elementor-element-populated\">\n\t\t\t\t\t\t\t<\/div>\n\t\t<\/div>\n\t\t\t\t\t<\/div>\n\t\t<\/section>\n\t\t\t\t<\/div>\n\t\t","protected":false},"excerpt":{"rendered":"<p>Niv\u00eesar \u00fb n\u00ear\u00een\u00ean rexney\u00ee y\u00ean ku \u015fewq\u00ea diav\u00eajin ser mil\u00ean nepen\u00ee &#8230; <\/p>\n","protected":false},"author":1,"featured_media":0,"parent":0,"menu_order":0,"comment_status":"closed","ping_status":"closed","template":"","meta":{"footnotes":""},"class_list":["post-2860","page","type-page","status-publish","hentry"],"_links":{"self":[{"href":"https:\/\/ahimsasyria.org\/kmr\/wp-json\/wp\/v2\/pages\/2860","targetHints":{"allow":["GET"]}}],"collection":[{"href":"https:\/\/ahimsasyria.org\/kmr\/wp-json\/wp\/v2\/pages"}],"about":[{"href":"https:\/\/ahimsasyria.org\/kmr\/wp-json\/wp\/v2\/types\/page"}],"author":[{"embeddable":true,"href":"https:\/\/ahimsasyria.org\/kmr\/wp-json\/wp\/v2\/users\/1"}],"replies":[{"embeddable":true,"href":"https:\/\/ahimsasyria.org\/kmr\/wp-json\/wp\/v2\/comments?post=2860"}],"version-history":[{"count":0,"href":"https:\/\/ahimsasyria.org\/kmr\/wp-json\/wp\/v2\/pages\/2860\/revisions"}],"wp:attachment":[{"href":"https:\/\/ahimsasyria.org\/kmr\/wp-json\/wp\/v2\/media?parent=2860"}],"curies":[{"name":"wp","href":"https:\/\/api.w.org\/{rel}","templated":true}]}}