{"id":2772,"date":"2024-06-16T10:15:44","date_gmt":"2024-06-16T08:15:44","guid":{"rendered":"https:\/\/ahimsasyria.org\/projects\/"},"modified":"2025-09-30T12:55:47","modified_gmt":"2025-09-30T10:55:47","slug":"projeyen-me","status":"publish","type":"page","link":"https:\/\/ahimsasyria.org\/kmr\/projeyen-me\/","title":{"rendered":"Projey\u00ean me"},"content":{"rendered":"\t\t<div data-elementor-type=\"wp-page\" data-elementor-id=\"2772\" class=\"elementor elementor-2772 elementor-1364\" data-elementor-post-type=\"page\">\n\t\t\t\t\t\t<section class=\"elementor-section elementor-top-section elementor-element elementor-element-2c2f1f3 elementor-section-boxed elementor-section-height-default elementor-section-height-default\" data-id=\"2c2f1f3\" data-element_type=\"section\">\n\t\t\t\t\t\t<div class=\"elementor-container elementor-column-gap-default\">\n\t\t\t\t\t<div class=\"elementor-column elementor-col-100 elementor-top-column elementor-element elementor-element-6889ca6\" data-id=\"6889ca6\" data-element_type=\"column\">\n\t\t\t<div class=\"elementor-widget-wrap elementor-element-populated\">\n\t\t\t\t\t\t<div class=\"elementor-element elementor-element-9abe501 elementor-widget elementor-widget-cz_gap\" data-id=\"9abe501\" data-element_type=\"widget\" data-widget_type=\"cz_gap.default\">\n\t\t\t\t<div class=\"elementor-widget-container\">\n\t\t\t\t\t<div class=\"cz_gap clr\"><\/div>\t\t\t\t<\/div>\n\t\t\t\t<\/div>\n\t\t\t\t\t<\/div>\n\t\t<\/div>\n\t\t\t\t\t<\/div>\n\t\t<\/section>\n\t\t\t\t<section class=\"elementor-section elementor-top-section elementor-element elementor-element-7b95dc6 elementor-section-boxed elementor-section-height-default elementor-section-height-default\" data-id=\"7b95dc6\" data-element_type=\"section\">\n\t\t\t\t\t\t<div class=\"elementor-container elementor-column-gap-default\">\n\t\t\t\t\t<div class=\"elementor-column elementor-col-33 elementor-top-column elementor-element elementor-element-4944ce3\" data-id=\"4944ce3\" data-element_type=\"column\">\n\t\t\t<div class=\"elementor-widget-wrap elementor-element-populated\">\n\t\t\t\t\t\t<div class=\"elementor-element elementor-element-dcba32f elementor-invisible elementor-widget elementor-widget-heading\" data-id=\"dcba32f\" data-element_type=\"widget\" data-settings=\"{&quot;_animation&quot;:&quot;fadeInUp&quot;}\" data-widget_type=\"heading.default\">\n\t\t\t\t<div class=\"elementor-widget-container\">\n\t\t\t\t\t<h2 class=\"elementor-heading-title elementor-size-default\">Hevkar\u00ean me<\/h2>\t\t\t\t<\/div>\n\t\t\t\t<\/div>\n\t\t\t\t<div class=\"elementor-element elementor-element-fa4b4ce elementor-invisible elementor-widget elementor-widget-image\" data-id=\"fa4b4ce\" data-element_type=\"widget\" data-settings=\"{&quot;_animation&quot;:&quot;fadeInUp&quot;}\" data-widget_type=\"image.default\">\n\t\t\t\t<div class=\"elementor-widget-container\">\n\t\t\t\t\t\t\t\t\t\t\t\t\t\t\t<img decoding=\"async\" src=\"https:\/\/ahimsasyria.org\/wp-content\/uploads\/2025\/03\/IWPR_logo.jpg\" title=\"IWPR_logo\" alt=\"IWPR_logo\" loading=\"lazy\" \/>\t\t\t\t\t\t\t\t\t\t\t\t\t\t\t<\/div>\n\t\t\t\t<\/div>\n\t\t\t\t<div class=\"elementor-element elementor-element-d1a8023 elementor-invisible elementor-widget elementor-widget-image\" data-id=\"d1a8023\" data-element_type=\"widget\" data-settings=\"{&quot;_animation&quot;:&quot;fadeInUp&quot;}\" data-widget_type=\"image.default\">\n\t\t\t\t<div class=\"elementor-widget-container\">\n\t\t\t\t\t\t\t\t\t\t\t\t\t\t\t<img loading=\"lazy\" decoding=\"async\" width=\"632\" height=\"235\" src=\"https:\/\/ahimsasyria.org\/wp-content\/uploads\/2025\/03\/paxlogo_CLR-705x235-1-e1743083059953.png\" class=\"attachment-large size-large wp-image-2775\" alt=\"Paxlogo CLR 705x235 1 e1743083059953\" srcset=\"https:\/\/ahimsasyria.org\/wp-content\/uploads\/2025\/03\/paxlogo_CLR-705x235-1-e1743083059953.png 632w, https:\/\/ahimsasyria.org\/wp-content\/uploads\/2025\/03\/paxlogo_CLR-705x235-1-e1743083059953-300x112.png 300w, https:\/\/ahimsasyria.org\/wp-content\/uploads\/2025\/03\/paxlogo_CLR-705x235-1-e1743083059953-600x223.png 600w\" sizes=\"auto, (max-width: 632px) 100vw, 632px\" loading=\"lazy\" \/>\t\t\t\t\t\t\t\t\t\t\t\t\t\t\t<\/div>\n\t\t\t\t<\/div>\n\t\t\t\t\t<\/div>\n\t\t<\/div>\n\t\t\t\t<div class=\"elementor-column elementor-col-66 elementor-top-column elementor-element elementor-element-2424c6e\" data-id=\"2424c6e\" data-element_type=\"column\">\n\t\t\t<div class=\"elementor-widget-wrap elementor-element-populated\">\n\t\t\t\t\t\t<div class=\"elementor-element elementor-element-4e1d86f elementor-invisible elementor-widget elementor-widget-heading\" data-id=\"4e1d86f\" data-element_type=\"widget\" data-settings=\"{&quot;_animation&quot;:&quot;fadeInUp&quot;}\" data-widget_type=\"heading.default\">\n\t\t\t\t<div class=\"elementor-widget-container\">\n\t\t\t\t\t<h2 class=\"elementor-heading-title elementor-size-default\">Projeya Gavine ber bi A\u015ftiy\u00ea ve ya bi R\u00eaxistina IWPR'\u00ea re<\/h2>\t\t\t\t<\/div>\n\t\t\t\t<\/div>\n\t\t\t\t<div class=\"elementor-element elementor-element-40386d6 elementor-widget elementor-widget-cz_title\" data-id=\"40386d6\" data-element_type=\"widget\" data-widget_type=\"cz_title.default\">\n\t\t\t\t<div class=\"elementor-widget-container\">\n\t\t\t\t\t\t\r\n\t\t<div>\r\n\t\t\t<div class=\"cz_title clr cz_title_pos_inline\"><div class=\"cz_title_content\"><div class=\"cz_wpe_content\"><p>Di sala 2020\u00ee de, bi hevkariya r\u00eaxistina IWPR'\u00ea, Projeya Gavine ber bi A\u015ftiy\u00ea ve p\u00eak hat. Armanca projey\u00ea ew b\u00fb ku \u015fiyan\u00ean 30 ke\u00e7 \u00fb xort\u00ean ji Hesek\u00ea werin avakirin, da ku bikarin biryaran saz bikin. Di nava v\u00ea projey\u00ea de, r\u00eaze\u00e7alakiyine derbar\u00ea biryara 2250'y\u00ee de \u00fb pi\u015ftgir\u00ee \u00fb m\u00eekan\u00eezmay\u00ean w\u00ea de hatin p\u00eakan\u00een \u00fb posterine b\u00eerewerkirin\u00ea y\u00ean derbar\u00ea rola ciwanan de hatin belavkirin. Her wiha berhemine b\u00eenbar \u00ean derbar\u00ea rola ciwanan \u00fb gir\u00eengiya biryaran de hatin derxistin.<\/p><p>Perwerde bi v\u00ee away\u00ee b\u00fbn:<\/p><p>\u00c7ar perwerdey\u00ean derbar\u00ea biryara 2250'y\u00ee de: Van perwerdeyan ciwan f\u00ear\u00ee naveroka biryar\u00ea kir \u00fb giran\u00ee da be\u015fdariya li biryarday\u00een\u00ea, xweparastina li her\u00eam\u00ean \u015fer \u00fb rola bingeh\u00een a di xebat\u00ean avakirina a\u015ftiy\u00ea de.<\/p><p>\u00c7ar perwerdey\u00ean derbar\u00ea pi\u015ftgir\u00ee \u00fb al\u00eekariy\u00ea de: Armanca van perwerdeyan ew b\u00fb ku ciwan \u015farezayiy\u00ean sazkirina p\u00eangav\u00ean bibandor \u00ean pi\u015ftgiriya doz\u00ean ciwanan \u00ean t\u00eakildar\u00ee a\u015ft\u00ee \u00fb ewlekariy\u00ea de bizanin. Di nava van perwerdeyan de r\u00eabaz\u00ean plansaziya stratej\u00eek, avakirina hevkariyan \u00fb bikaran\u00eena alav\u00ean p\u00eawendiy\u00ea y\u00ean cih\u00eareng \u00ean ji bo gihandina namey\u00ean bibandor heb\u00fbn.<\/p><\/div><\/div><\/div>\r\n\t\t<\/div>\r\n\t\t\r\n\t\t\t\t\t\t<\/div>\n\t\t\t\t<\/div>\n\t\t\t\t<div class=\"elementor-element elementor-element-edad178 elementor-widget elementor-widget-image\" data-id=\"edad178\" data-element_type=\"widget\" data-widget_type=\"image.default\">\n\t\t\t\t<div class=\"elementor-widget-container\">\n\t\t\t\t\t\t\t\t\t\t\t\t<figure class=\"wp-caption\">\n\t\t\t\t\t\t\t\t\t\t<img loading=\"lazy\" decoding=\"async\" width=\"1024\" height=\"576\" src=\"https:\/\/ahimsasyria.org\/wp-content\/uploads\/2025\/09\/\u0662\u0660\u0662\u0660\u0660\u0664\u0660\u0666_\u0661\u0663\u0664\u0666\u0660\u0667-1024x576.jpg\" class=\"attachment-large size-large wp-image-3178\" alt=\"\u0662\u0660\u0662\u0660\u0660\u0664\u0660\u0666 \u0661\u0663\u0664\u0666\u0660\u0667 1024x576\" srcset=\"https:\/\/ahimsasyria.org\/wp-content\/uploads\/2025\/09\/\u0662\u0660\u0662\u0660\u0660\u0664\u0660\u0666_\u0661\u0663\u0664\u0666\u0660\u0667-1024x576.jpg 1024w, https:\/\/ahimsasyria.org\/wp-content\/uploads\/2025\/09\/\u0662\u0660\u0662\u0660\u0660\u0664\u0660\u0666_\u0661\u0663\u0664\u0666\u0660\u0667-300x169.jpg 300w, https:\/\/ahimsasyria.org\/wp-content\/uploads\/2025\/09\/\u0662\u0660\u0662\u0660\u0660\u0664\u0660\u0666_\u0661\u0663\u0664\u0666\u0660\u0667-768x432.jpg 768w, https:\/\/ahimsasyria.org\/wp-content\/uploads\/2025\/09\/\u0662\u0660\u0662\u0660\u0660\u0664\u0660\u0666_\u0661\u0663\u0664\u0666\u0660\u0667-600x338.jpg 600w, https:\/\/ahimsasyria.org\/wp-content\/uploads\/2025\/09\/\u0662\u0660\u0662\u0660\u0660\u0664\u0660\u0666_\u0661\u0663\u0664\u0666\u0660\u0667.jpg 1200w\" sizes=\"auto, (max-width: 1024px) 100vw, 1024px\" loading=\"lazy\" \/>\t\t\t\t\t\t\t\t\t\t\t<figcaption class=\"widget-image-caption wp-caption-text\">Komxebata perwerdeh\u00ee ya duyem\u00een derbar\u00ea biryara 2250'y\u00ee de b\u00fb. Jixwe ev birayar di nava \u00e7alakiy\u00ean p\u00eangava \"Gavine ber bi A\u015ftiy\u00ea ve\" de ji h\u00eala Encumena Ewlekariya Navdewlet\u00ee ve hat day\u00een.<\/figcaption>\n\t\t\t\t\t\t\t\t\t\t<\/figure>\n\t\t\t\t\t\t\t\t\t<\/div>\n\t\t\t\t<\/div>\n\t\t\t\t<div class=\"elementor-element elementor-element-6e3f157 elementor-invisible elementor-widget elementor-widget-heading\" data-id=\"6e3f157\" data-element_type=\"widget\" data-settings=\"{&quot;_animation&quot;:&quot;fadeInUp&quot;}\" data-widget_type=\"heading.default\">\n\t\t\t\t<div class=\"elementor-widget-container\">\n\t\t\t\t\t<h2 class=\"elementor-heading-title elementor-size-default\">Projeya Mesar'\u00ea (R\u00eageh) ya bi R\u00eaxistina PAX'\u00ea re<\/h2>\t\t\t\t<\/div>\n\t\t\t\t<\/div>\n\t\t\t\t<div class=\"elementor-element elementor-element-994d548 elementor-widget elementor-widget-cz_title\" data-id=\"994d548\" data-element_type=\"widget\" data-widget_type=\"cz_title.default\">\n\t\t\t\t<div class=\"elementor-widget-container\">\n\t\t\t\t\t\t\r\n\t\t<div>\r\n\t\t\t<div class=\"cz_title clr cz_title_pos_inline\"><div class=\"cz_title_content\"><div class=\"cz_wpe_content\"><p>Di heyama 2023 \u00fb 2024'an de, projeya Mesar'\u00ea hat p\u00eakan\u00een. Armanca w\u00ea ew b\u00fb ku ciwan b\u00eahtir r\u00eaman\u00ean netundiy\u00ea binasin. Ji bo ku ev yek p\u00eak were, alav \u00fb stratejiy\u00ean netundiy\u00ea ji wan re hatin zelalkirin. Komeke ciwanan bi siq\u00ee hat perwerdekirin \u00fb bi hevbe\u015fiya bi parg\u00eedaniya Xetewat a \u015e\u00eawirmend\u00ee li ser r\u00eaman\u00ean netundiy\u00ea hatin perwerdekirin \u00fb ev r\u00eaman di p\u00eakan\u00eena destp\u00ea\u015fxer\u00ee \u00fb p\u00eangav\u00ean meydan\u00ee (P\u00eangava mozay\u00eek (1), P\u00eangava mozay\u00eek (2), P\u00eangava w\u00ea bi dar bike (1), p\u00eangava w\u00ea bi dar bike (2)) de hatin bikaran\u00een.<\/p><\/div><\/div><\/div>\r\n\t\t<\/div>\r\n\t\t\r\n\t\t\t\t\t\t<\/div>\n\t\t\t\t<\/div>\n\t\t\t\t<div class=\"elementor-element elementor-element-dbd9c49 elementor-invisible elementor-widget elementor-widget-heading\" data-id=\"dbd9c49\" data-element_type=\"widget\" data-settings=\"{&quot;_animation&quot;:&quot;fadeInUp&quot;}\" data-widget_type=\"heading.default\">\n\t\t\t\t<div class=\"elementor-widget-container\">\n\t\t\t\t\t<h2 class=\"elementor-heading-title elementor-size-default\">Projeya Piran a bi R\u00eaxistina PAX'\u00ea re<\/h2>\t\t\t\t<\/div>\n\t\t\t\t<\/div>\n\t\t\t\t<div class=\"elementor-element elementor-element-f37cd2f elementor-widget elementor-widget-cz_title\" data-id=\"f37cd2f\" data-element_type=\"widget\" data-widget_type=\"cz_title.default\">\n\t\t\t\t<div class=\"elementor-widget-container\">\n\t\t\t\t\t\t\r\n\t\t<div>\r\n\t\t\t<div class=\"cz_title clr cz_title_pos_inline\"><div class=\"cz_title_content\"><div class=\"cz_wpe_content\">Di sala 2025'an de, projeya Piran t\u00ea p\u00eakan\u00een. Armanca w\u00ea ew e ku rola netundiy\u00ea ya weke alaveke bingeh\u00een a guhertina civak\u00ee ya herhey\u00ee ya li Bakur \u00fb Rojhilat\u00ea S\u00fbriy\u00ea were bih\u00eazkirin. Ji bo ku ev yek were kirin, rola ciwanan  t\u00ea xurtkirin \u00fb rola wan a di belavkirina \u00e7anda got\u00fbb\u00eaj \u00fb l\u00eabor\u00een\u00ea de were bibandorkirin.<\/div><\/div><\/div>\r\n\t\t<\/div>\r\n\t\t\r\n\t\t\t\t\t\t<\/div>\n\t\t\t\t<\/div>\n\t\t\t\t<div class=\"elementor-element elementor-element-3f51873 elementor-widget elementor-widget-image\" data-id=\"3f51873\" data-element_type=\"widget\" data-widget_type=\"image.default\">\n\t\t\t\t<div class=\"elementor-widget-container\">\n\t\t\t\t\t\t\t\t\t\t\t\t<figure class=\"wp-caption\">\n\t\t\t\t\t\t\t\t\t\t<img loading=\"lazy\" decoding=\"async\" width=\"1024\" height=\"768\" src=\"https:\/\/ahimsasyria.org\/wp-content\/uploads\/2025\/09\/IMG_20250703_112022_969-1024x768.jpg\" class=\"attachment-large size-large wp-image-3186\" alt=\"IMG 20250703 112022 969 1024x768\" srcset=\"https:\/\/ahimsasyria.org\/wp-content\/uploads\/2025\/09\/IMG_20250703_112022_969-1024x768.jpg 1024w, https:\/\/ahimsasyria.org\/wp-content\/uploads\/2025\/09\/IMG_20250703_112022_969-300x225.jpg 300w, https:\/\/ahimsasyria.org\/wp-content\/uploads\/2025\/09\/IMG_20250703_112022_969-768x576.jpg 768w, https:\/\/ahimsasyria.org\/wp-content\/uploads\/2025\/09\/IMG_20250703_112022_969-600x450.jpg 600w, https:\/\/ahimsasyria.org\/wp-content\/uploads\/2025\/09\/IMG_20250703_112022_969.jpg 1200w\" sizes=\"auto, (max-width: 1024px) 100vw, 1024px\" loading=\"lazy\" \/>\t\t\t\t\t\t\t\t\t\t\t<figcaption class=\"widget-image-caption wp-caption-text\">\u00c7alakiy\u00ean p\u00ea\u015f\u00ee y\u00ean p\u00eangava Gavine ber bi A\u015ftiy\u00ea ve ya ji h\u00eala t\u00eema \"keskesor\"\u00ea ve d\u00ea werin destp\u00eakirin.<\/figcaption>\n\t\t\t\t\t\t\t\t\t\t<\/figure>\n\t\t\t\t\t\t\t\t\t<\/div>\n\t\t\t\t<\/div>\n\t\t\t\t<div class=\"elementor-element elementor-element-e1f0f85 elementor-invisible elementor-widget elementor-widget-heading\" data-id=\"e1f0f85\" data-element_type=\"widget\" data-settings=\"{&quot;_animation&quot;:&quot;fadeInUp&quot;}\" data-widget_type=\"heading.default\">\n\t\t\t\t<div class=\"elementor-widget-container\">\n\t\t\t\t\t<h2 class=\"elementor-heading-title elementor-size-default\">Projeya Tora Xebatkar\u00ean Netundiy\u00ea ya bi r\u00eaxistina PAX'\u00ea re \u00fb bi pi\u015ftgiriya Yek\u00eetiya Ewrop\u00ee<\/h2>\t\t\t\t<\/div>\n\t\t\t\t<\/div>\n\t\t\t\t<div class=\"elementor-element elementor-element-65d1029 elementor-widget elementor-widget-cz_title\" data-id=\"65d1029\" data-element_type=\"widget\" data-widget_type=\"cz_title.default\">\n\t\t\t\t<div class=\"elementor-widget-container\">\n\t\t\t\t\t\t\r\n\t\t<div>\r\n\t\t\t<div class=\"cz_title clr cz_title_pos_inline\"><div class=\"cz_title_content\"><div class=\"cz_wpe_content\">Projeyek bi hevkariya bi R\u00eaxistina PAX'\u00ea re \u00fb bi pi\u015ftgiriya Yek\u00eetiya Ewrop\u00ee t\u00ea p\u00eakan\u00een, da ku komeke stratej\u00eek were avakirin. Ev kom d\u00ea h\u00eazeke yekgirt\u00ee be \u00fb xwed\u00ee \u015farezayiy\u00ean netundiy\u00ea be, da ku guhertin\u00ea di civak\u00ea de bike.\n<br>\nProje di heyama sal\u00ean 2024 \u00fb 2025'an de t\u00ea p\u00eakan\u00een<\/div><\/div><\/div>\r\n\t\t<\/div>\r\n\t\t\r\n\t\t\t\t\t\t<\/div>\n\t\t\t\t<\/div>\n\t\t\t\t\t<\/div>\n\t\t<\/div>\n\t\t\t\t\t<\/div>\n\t\t<\/section>\n\t\t\t\t<section class=\"elementor-section elementor-top-section elementor-element elementor-element-61d007c elementor-section-boxed elementor-section-height-default elementor-section-height-default\" data-id=\"61d007c\" data-element_type=\"section\">\n\t\t\t\t\t\t<div class=\"elementor-container elementor-column-gap-default\">\n\t\t\t\t\t<div class=\"elementor-column elementor-col-100 elementor-top-column elementor-element elementor-element-dcce6fe\" data-id=\"dcce6fe\" data-element_type=\"column\">\n\t\t\t<div class=\"elementor-widget-wrap elementor-element-populated\">\n\t\t\t\t\t\t<div class=\"elementor-element elementor-element-3be66b6 elementor-widget elementor-widget-cz_gap\" data-id=\"3be66b6\" data-element_type=\"widget\" data-widget_type=\"cz_gap.default\">\n\t\t\t\t<div class=\"elementor-widget-container\">\n\t\t\t\t\t<div class=\"cz_gap clr\"><\/div>\t\t\t\t<\/div>\n\t\t\t\t<\/div>\n\t\t\t\t\t<\/div>\n\t\t<\/div>\n\t\t\t\t\t<\/div>\n\t\t<\/section>\n\t\t\t\t<\/div>\n\t\t","protected":false},"excerpt":{"rendered":"<p>Hevkar\u00ean me Projeya Gavine ber bi A\u015ftiy\u00ea ve ya bi R\u00eaxistina &#8230; <\/p>\n","protected":false},"author":1,"featured_media":0,"parent":0,"menu_order":0,"comment_status":"closed","ping_status":"closed","template":"","meta":{"footnotes":""},"class_list":["post-2772","page","type-page","status-publish","hentry"],"_links":{"self":[{"href":"https:\/\/ahimsasyria.org\/kmr\/wp-json\/wp\/v2\/pages\/2772","targetHints":{"allow":["GET"]}}],"collection":[{"href":"https:\/\/ahimsasyria.org\/kmr\/wp-json\/wp\/v2\/pages"}],"about":[{"href":"https:\/\/ahimsasyria.org\/kmr\/wp-json\/wp\/v2\/types\/page"}],"author":[{"embeddable":true,"href":"https:\/\/ahimsasyria.org\/kmr\/wp-json\/wp\/v2\/users\/1"}],"replies":[{"embeddable":true,"href":"https:\/\/ahimsasyria.org\/kmr\/wp-json\/wp\/v2\/comments?post=2772"}],"version-history":[{"count":3,"href":"https:\/\/ahimsasyria.org\/kmr\/wp-json\/wp\/v2\/pages\/2772\/revisions"}],"predecessor-version":[{"id":3196,"href":"https:\/\/ahimsasyria.org\/kmr\/wp-json\/wp\/v2\/pages\/2772\/revisions\/3196"}],"wp:attachment":[{"href":"https:\/\/ahimsasyria.org\/kmr\/wp-json\/wp\/v2\/media?parent=2772"}],"curies":[{"name":"wp","href":"https:\/\/api.w.org\/{rel}","templated":true}]}}