{"id":2760,"date":"2024-06-15T08:42:33","date_gmt":"2024-06-15T06:42:33","guid":{"rendered":"https:\/\/ahimsasyria.org\/footer\/"},"modified":"2025-07-19T20:29:54","modified_gmt":"2025-07-19T18:29:54","slug":"footer","status":"publish","type":"page","link":"https:\/\/ahimsasyria.org\/kmr\/footer\/","title":{"rendered":"Footer"},"content":{"rendered":"\t\t<div data-elementor-type=\"wp-page\" data-elementor-id=\"2760\" class=\"elementor elementor-2760 elementor-1637\" data-elementor-post-type=\"page\">\n\t\t\t\t\t\t<section class=\"elementor-section elementor-top-section elementor-element elementor-element-ffc34b0 elementor-section-full_width elementor-section-stretched elementor-section-height-default elementor-section-height-default\" data-id=\"ffc34b0\" data-element_type=\"section\" data-settings=\"{&quot;stretch_section&quot;:&quot;section-stretched&quot;}\">\n\t\t\t\t\t\t<div class=\"elementor-container elementor-column-gap-no\">\n\t\t\t\t\t<div class=\"elementor-column elementor-col-100 elementor-top-column elementor-element elementor-element-a74e0a7\" data-id=\"a74e0a7\" data-element_type=\"column\">\n\t\t\t<div class=\"elementor-widget-wrap elementor-element-populated\">\n\t\t\t\t\t\t<div class=\"elementor-element elementor-element-513d60a elementor-widget elementor-widget-cz_separator\" data-id=\"513d60a\" data-element_type=\"widget\" data-widget_type=\"cz_separator.default\">\n\t\t\t\t<div class=\"elementor-widget-container\">\n\t\t\t\t\t\t\t<div class=\"relative\">\r\n\t\t\t<div class=\"cz_sep2 cz_sep2_19 cz_sep_bottom\">\r\n\t\t\t\t<svg preserveAspectRatio=\"none\" xmlns=\"http:\/\/www.w3.org\/2000\/svg\" width=\"100%\"  viewBox=\"0 0 1600 246\">\r\n\t\t\t\t\t\t\t<path style=\"fill:#FECB09\" d=\"M748.733,61.328C1189.99,255.13,1619.82,194.517,1620,198.548v48.438H-14S272.585-147.8,748.733,61.328Z\"\/>\r\n\t\t\t\t\t\t\t<path style=\"fill:#FECB09\" d=\"M748,90.809c449.12,185.245,870.82,99.762,871,103.825v44.152l-1647,21.2S266.823-107.658,748,90.809Z\"\/>\r\n\t\t\t\t\t\t\t<path style=\"fill:#25233F\" d=\"M748,120c449.12,170.392,870.82,72.263,871,76v60.112H-28S266.823-62.554,748,120Z\"\/>\r\n\t\t\t\t\t\t<\/svg>\t\t\t<\/div>\r\n\t\t<\/div>\r\n\t\t\t\t\t\t<\/div>\n\t\t\t\t<\/div>\n\t\t\t\t\t<\/div>\n\t\t<\/div>\n\t\t\t\t\t<\/div>\n\t\t<\/section>\n\t\t\t\t<section class=\"elementor-section elementor-top-section elementor-element elementor-element-eedc109 elementor-section-stretched elementor-section-boxed elementor-section-height-default elementor-section-height-default\" data-id=\"eedc109\" data-element_type=\"section\" data-settings=\"{&quot;stretch_section&quot;:&quot;section-stretched&quot;,&quot;background_background&quot;:&quot;classic&quot;}\">\n\t\t\t\t\t\t<div class=\"elementor-container elementor-column-gap-default\">\n\t\t\t\t\t<div class=\"elementor-column elementor-col-100 elementor-top-column elementor-element elementor-element-6f7d109\" data-id=\"6f7d109\" data-element_type=\"column\">\n\t\t\t<div class=\"elementor-widget-wrap elementor-element-populated\">\n\t\t\t\t\t\t<section class=\"elementor-section elementor-inner-section elementor-element elementor-element-5f0960f elementor-section-boxed elementor-section-height-default elementor-section-height-default\" data-id=\"5f0960f\" data-element_type=\"section\">\n\t\t\t\t\t\t<div class=\"elementor-container elementor-column-gap-default\">\n\t\t\t\t\t<div class=\"elementor-column elementor-col-50 elementor-inner-column elementor-element elementor-element-5891cd0\" data-id=\"5891cd0\" data-element_type=\"column\">\n\t\t\t<div class=\"elementor-widget-wrap\">\n\t\t\t\t\t\t\t<\/div>\n\t\t<\/div>\n\t\t\t\t<div class=\"elementor-column elementor-col-50 elementor-inner-column elementor-element elementor-element-7746bde\" data-id=\"7746bde\" data-element_type=\"column\">\n\t\t\t<div class=\"elementor-widget-wrap\">\n\t\t\t\t\t\t\t<\/div>\n\t\t<\/div>\n\t\t\t\t\t<\/div>\n\t\t<\/section>\n\t\t\t\t<div class=\"elementor-element elementor-element-3c338f6 elementor-widget elementor-widget-cz_title\" data-id=\"3c338f6\" data-element_type=\"widget\" data-widget_type=\"cz_title.default\">\n\t\t\t\t<div class=\"elementor-widget-container\">\n\t\t\t\t\t\t\r\n\t\t<div>\r\n\t\t\t<div class=\"cz_title clr cz_title_has_bg cz_title_has_border cz_title_pos_inline tac\"><div class=\"cz_title_content\"><div class=\"cz_wpe_content\"><h4 style=\"text-align: center;\">Bi r\u00eaya email'\u00ea p\u00eawendiy\u00ea bi Ah\u00eamsay\u00ea re bike<br>\ncontact@ahimsasyria.org<\/h4><\/div><\/div><\/div>\r\n\t\t<\/div>\r\n\t\t\r\n\t\t\t\t\t\t<\/div>\n\t\t\t\t<\/div>\n\t\t\t\t<div class=\"elementor-element elementor-element-1e28fea elementor-widget elementor-widget-cz_social_icons\" data-id=\"1e28fea\" data-element_type=\"widget\" data-widget_type=\"cz_social_icons.default\">\n\t\t\t\t<div class=\"elementor-widget-container\">\n\t\t\t\t\t<div class=\"cz_social_icons cz_social clr cz_social_fx_0 tac\"><a href=\"https:\/\/www.facebook.com\/profile.php?id=61577002236421&#038;locale=ar_AR\" role=\"button\" aria-label=\"Facebook\"><i class=\"fa fa-facebook\"><\/i><\/a><a href=\"https:\/\/www.instagram.com\/ahimsa.for.nonviolence\/\" role=\"button\" aria-label=\"Instagram \"><i class=\"fab fa-instagram\"><\/i><\/a><a href=\"https:\/\/x.com\/AHIMSASYR\" role=\"button\" aria-label=\"X\"><i class=\"fab fa-x-twitter\"><\/i><\/a><\/div>\t\t\t\t<\/div>\n\t\t\t\t<\/div>\n\t\t\t\t<div class=\"elementor-element elementor-element-895edfb elementor-widget elementor-widget-cz_title\" data-id=\"895edfb\" data-element_type=\"widget\" data-widget_type=\"cz_title.default\">\n\t\t\t\t<div class=\"elementor-widget-container\">\n\t\t\t\t\t\t\r\n\t\t<div>\r\n\t\t\t<div class=\"cz_title clr cz_title_pos_inline tac\"><div class=\"cz_title_content\"><div class=\"cz_wpe_content\"><p style=\"text-align: center;\"><em><span style=\"color: #aaaaaa; font-size: 14px;\">  \u00a9 2026\u060c Hem\u00fb maf\u00ean we\u015fan\u00ea parast\u00ee ne<\/span><\/em><\/p><\/div><\/div><\/div>\r\n\t\t<\/div>\r\n\t\t\r\n\t\t\t\t\t\t<\/div>\n\t\t\t\t<\/div>\n\t\t\t\t\t<\/div>\n\t\t<\/div>\n\t\t\t\t\t<\/div>\n\t\t<\/section>\n\t\t\t\t<\/div>\n\t\t","protected":false},"excerpt":{"rendered":"<p>Bi r\u00eaya email&#8217;\u00ea p\u00eawendiy\u00ea bi Ah\u00eamsay\u00ea re bike contact@ahimsasyria.org \u00a9 2025\u060c &#8230; <\/p>\n","protected":false},"author":1,"featured_media":0,"parent":0,"menu_order":0,"comment_status":"closed","ping_status":"closed","template":"","meta":{"footnotes":""},"class_list":["post-2760","page","type-page","status-publish","hentry"],"_links":{"self":[{"href":"https:\/\/ahimsasyria.org\/kmr\/wp-json\/wp\/v2\/pages\/2760","targetHints":{"allow":["GET"]}}],"collection":[{"href":"https:\/\/ahimsasyria.org\/kmr\/wp-json\/wp\/v2\/pages"}],"about":[{"href":"https:\/\/ahimsasyria.org\/kmr\/wp-json\/wp\/v2\/types\/page"}],"author":[{"embeddable":true,"href":"https:\/\/ahimsasyria.org\/kmr\/wp-json\/wp\/v2\/users\/1"}],"replies":[{"embeddable":true,"href":"https:\/\/ahimsasyria.org\/kmr\/wp-json\/wp\/v2\/comments?post=2760"}],"version-history":[{"count":0,"href":"https:\/\/ahimsasyria.org\/kmr\/wp-json\/wp\/v2\/pages\/2760\/revisions"}],"wp:attachment":[{"href":"https:\/\/ahimsasyria.org\/kmr\/wp-json\/wp\/v2\/media?parent=2760"}],"curies":[{"name":"wp","href":"https:\/\/api.w.org\/{rel}","templated":true}]}}